{"id":222,"date":"2023-08-17T19:23:41","date_gmt":"2023-08-17T19:23:41","guid":{"rendered":"https:\/\/prace-lab2.pl\/?page_id=222"},"modified":"2023-08-17T20:20:47","modified_gmt":"2023-08-17T20:20:47","slug":"cennik","status":"publish","type":"page","link":"https:\/\/prace-lab2.pl\/?page_id=222","title":{"rendered":"Cennik"},"content":{"rendered":"\t\t<div data-elementor-type=\"wp-page\" data-elementor-id=\"222\" class=\"elementor elementor-222\" data-elementor-post-type=\"page\">\n\t\t\t\t\t\t<section class=\"elementor-section elementor-top-section elementor-element elementor-element-24a5e1d elementor-section-boxed elementor-section-height-default elementor-section-height-default exad-glass-effect-no exad-sticky-section-no\" data-id=\"24a5e1d\" data-element_type=\"section\" data-e-type=\"section\">\n\t\t\t\t\t\t<div class=\"elementor-container elementor-column-gap-default\">\n\t\t\t\t\t<div class=\"elementor-column elementor-col-100 elementor-top-column elementor-element elementor-element-92d5444 exad-glass-effect-no exad-sticky-section-no\" data-id=\"92d5444\" data-element_type=\"column\" data-e-type=\"column\">\n\t\t\t<div class=\"elementor-widget-wrap elementor-element-populated\">\n\t\t\t\t\t\t<div class=\"elementor-element elementor-element-75b3da8 exad-sticky-section-no exad-glass-effect-no elementor-invisible elementor-widget elementor-widget-exad-exclusive-heading\" data-id=\"75b3da8\" data-element_type=\"widget\" data-e-type=\"widget\" data-settings=\"{&quot;_animation&quot;:&quot;fadeIn&quot;}\" data-widget_type=\"exad-exclusive-heading.default\">\n\t\t\t\t<div class=\"elementor-widget-container\">\n\t\t\t\t\t\r\n        <div class=\"exad-exclusive-heading\">\r\n            <div class=\"exad-exclusive-heading-wrapper exad-heading-center exad-heading-image-gradient\">\r\n\t\t\t\r\n                <h1 data-content=\"Cennik\" class=\"exad-exclusive-heading-title\">\r\n\t\t\t\t\tCennik\t\t\t\t<\/h1>\r\n\t\r\n                \t\t\t\t\t<div class=\"exad-heading-separator\"><\/div>\r\n\t\t\t\t\r\n            <\/div>\r\n        <\/div>\r\n\t\t\t\t\t<\/div>\n\t\t\t\t<\/div>\n\t\t\t\t\t<\/div>\n\t\t<\/div>\n\t\t\t\t\t<\/div>\n\t\t<\/section>\n\t\t\t\t<section class=\"elementor-section elementor-top-section elementor-element elementor-element-bcc0b8d elementor-section-boxed elementor-section-height-default elementor-section-height-default exad-glass-effect-no exad-sticky-section-no\" data-id=\"bcc0b8d\" data-element_type=\"section\" data-e-type=\"section\">\n\t\t\t\t\t\t<div class=\"elementor-container elementor-column-gap-default\">\n\t\t\t\t\t<div class=\"elementor-column elementor-col-100 elementor-top-column elementor-element elementor-element-1307534 exad-glass-effect-no exad-sticky-section-no\" data-id=\"1307534\" data-element_type=\"column\" data-e-type=\"column\">\n\t\t\t<div class=\"elementor-widget-wrap elementor-element-populated\">\n\t\t\t\t\t\t<div class=\"elementor-element elementor-element-01c035a exad-sticky-section-no exad-glass-effect-no elementor-widget elementor-widget-shortcode\" data-id=\"01c035a\" data-element_type=\"widget\" data-e-type=\"widget\" data-widget_type=\"shortcode.default\">\n\t\t\t\t<div class=\"elementor-widget-container\">\n\t\t\t\t\t\t\t<div class=\"elementor-shortcode\"><div id=\"footable_parent_230\"\n         class=\" footable_parent ninja_table_wrapper loading_ninja_table wp_table_data_press_parent semantic_ui \">\n                <table data-ninja_table_instance=\"ninja_table_instance_0\" data-footable_id=\"230\" data-filter-delay=\"1000\" aria-label=\"Cennik2\"            id=\"footable_230\"\n           data-unique_identifier=\"ninja_table_unique_id_3414301803_230\"\n           class=\" foo-table ninja_footable foo_table_230 ninja_table_unique_id_3414301803_230 ui table  nt_type_ajax_table selectable celled striped vertical_centered  footable-paging-right ninja_table_search_disabled\">\n                <colgroup>\n                            <col class=\"ninja_column_0 \">\n                            <col class=\"ninja_column_1 \">\n                    <\/colgroup>\n            <\/table>\n    \n    \n    \n<\/div>\n<\/div>\n\t\t\t\t\t\t<\/div>\n\t\t\t\t<\/div>\n\t\t\t\t<div class=\"elementor-element elementor-element-08c19df exad-sticky-section-no exad-glass-effect-no elementor-widget elementor-widget-text-editor\" data-id=\"08c19df\" data-element_type=\"widget\" data-e-type=\"widget\" data-widget_type=\"text-editor.default\">\n\t\t\t\t<div class=\"elementor-widget-container\">\n\t\t\t\t\t\t\t\t\t<p>Uwaga:<\/p><p>(*) Cena podstawowej przestrzeni dyskowej on-line wynosi 400z\u0142\/TB\/rok. Realizowane na istniej\u0105cej infrastrukturze.\u00a0<\/p><p>(**) Ceny podane zosta\u0142y w kwotach netto, do kt\u00f3rych nale\u017cy doliczy\u0107 stosowny podatek VAT<\/p>\t\t\t\t\t\t\t\t<\/div>\n\t\t\t\t<\/div>\n\t\t\t\t\t<\/div>\n\t\t<\/div>\n\t\t\t\t\t<\/div>\n\t\t<\/section>\n\t\t\t\t<\/div>\n\t\t","protected":false},"excerpt":{"rendered":"<p>Cennik Uwaga: (*) Cena podstawowej przestrzeni dyskowej on-line wynosi 400z\u0142\/TB\/rok. Realizowane na istniej\u0105cej infrastrukturze.\u00a0 (**) Ceny podane zosta\u0142y w kwotach netto, do kt\u00f3rych nale\u017cy doliczy\u0107 stosowny podatek VAT<\/p>\n","protected":false},"author":1,"featured_media":0,"parent":0,"menu_order":0,"comment_status":"closed","ping_status":"closed","template":"","meta":{"footnotes":""},"class_list":["post-222","page","type-page","status-publish","hentry"],"blocksy_meta":[],"_links":{"self":[{"href":"https:\/\/prace-lab2.pl\/index.php?rest_route=\/wp\/v2\/pages\/222","targetHints":{"allow":["GET"]}}],"collection":[{"href":"https:\/\/prace-lab2.pl\/index.php?rest_route=\/wp\/v2\/pages"}],"about":[{"href":"https:\/\/prace-lab2.pl\/index.php?rest_route=\/wp\/v2\/types\/page"}],"author":[{"embeddable":true,"href":"https:\/\/prace-lab2.pl\/index.php?rest_route=\/wp\/v2\/users\/1"}],"replies":[{"embeddable":true,"href":"https:\/\/prace-lab2.pl\/index.php?rest_route=%2Fwp%2Fv2%2Fcomments&post=222"}],"version-history":[{"count":27,"href":"https:\/\/prace-lab2.pl\/index.php?rest_route=\/wp\/v2\/pages\/222\/revisions"}],"predecessor-version":[{"id":251,"href":"https:\/\/prace-lab2.pl\/index.php?rest_route=\/wp\/v2\/pages\/222\/revisions\/251"}],"wp:attachment":[{"href":"https:\/\/prace-lab2.pl\/index.php?rest_route=%2Fwp%2Fv2%2Fmedia&parent=222"}],"curies":[{"name":"wp","href":"https:\/\/api.w.org\/{rel}","templated":true}]}}